{"id":47,"date":"2015-09-08T20:14:37","date_gmt":"2015-09-08T20:14:37","guid":{"rendered":"http:\/\/dominicforest.me\/fed2015\/?page_id=47"},"modified":"2015-10-13T12:12:53","modified_gmt":"2015-10-13T16:12:53","slug":"a-propos","status":"publish","type":"page","link":"http:\/\/dominicforest.me\/fed2015\/a-propos\/","title":{"rendered":"\u00c0 propos"},"content":{"rendered":"<h2><b>Pourquoi analyser le discours politique?<\/b><\/h2>\n<p>Ce projet s&rsquo;inscrit dans\u00a0le domaine des humanit\u00e9s num\u00e9riques. Ce territoire de recherche contemporain est le fruit de plusieurs changements dans les pratiques de recherche en humanit\u00e9s et en sciences sociales qui cherchent \u00e0 mettre \u00e0 contribution les r\u00e9cents d\u00e9veloppements en informatique. La num\u00e9risation facilite l&rsquo;acc\u00e8s \u00e0 l&rsquo;information, mais elle augmente aussi consid\u00e9rablement son volume, faisant de l\u2019analyse un d\u00e9fi de taille.<\/p>\n<p>La fouille de textes permet d\u2019appr\u00e9hender d&rsquo;importants corpus documentaires, d\u2019analyser rapidement de grandes quantit\u00e9s d&rsquo;information et de compiler des statistiques sur les donn\u00e9es contenues dans les textes. Il peut en d\u00e9couler l\u2019extraction de connaissances nouvelles, la d\u00e9couverte de tendances de fond, l\u2019\u00e9tablissement de relations entre diff\u00e9rents param\u00e8tres, la d\u00e9tection de la fraude, l\u2019analyse de l\u2019opinion et des sentiments, etc.<\/p>\n<p>Cette p\u00e9riode d&rsquo;\u00e9lection f\u00e9d\u00e9rale canadienne est un moment propice pour utiliser les outils de la fouille de textes. Ils nous permettent de produire de nouvelles connaissances en \u00e9valuant les particularit\u00e9s linguistiques des partis et des leaders politiques, tant du point de vue statistique qu&rsquo;id\u00e9ologique. Une analyse du discours politique \u00e9tendue sur plusieurs \u00e9lections peut \u00a0:<\/p>\n<ul>\n<li>dessiner les grandes tendances th\u00e9matiques abord\u00e9es au cours des diff\u00e9rentes \u00e9lections\u00a0;<\/li>\n<li>mettre en lumi\u00e8re le vocabulaire sp\u00e9cifique et les expressions les plus usit\u00e9es lors des campagnes \u00e9lectorales\u00a0;<\/li>\n<li>d\u00e9voiler une repr\u00e9sentation visuelle des champs de force politique propres au Canada\u00a0;<\/li>\n<li>d\u00e9boucher sur des d\u00e9couvertes impr\u00e9vues.<\/li>\n<\/ul>\n<h2 id=\"corpus\"><b>Description du corpus<\/b><\/h2>\n<p>Afin de bien cerner le contenu et les diff\u00e9rents enjeux soulev\u00e9s par les plateformes \u00e9lectorales des principaux partis f\u00e9d\u00e9raux dans le cadre de l\u2019\u00e9lection f\u00e9d\u00e9rale canadienne 2015,\u00a0nous cherchons \u00e0 extraire et \u00e0 mettre en relation les principales informations v\u00e9hicul\u00e9es tout en les mettant en relation avec celles v\u00e9hicul\u00e9es dans le cadre des campagnes ant\u00e9rieures. Nous avons choisi de nous limiter historiquement \u00e0 la premi\u00e8re \u00e9lection gagn\u00e9e par les conservateurs de Stephen Harper en 2006, car, aujourd\u2019hui encore, nous sommes dans une \u00e8re politique d\u00e9finie par cette victoire conservatrice. Pour nos analyses, nous utilisons tout d&rsquo;abord les plateformes \u00e9lectorales des principaux partis f\u00e9d\u00e9raux de 2006, 2008 et 2011. Ces partis sont :<\/p>\n<ul>\n<li>le Bloc qu\u00e9b\u00e9cois ;<\/li>\n<li>le Nouveau parti d\u00e9mocratique ;<\/li>\n<li>le Parti conservateur du Canada ;<\/li>\n<li>le Parti lib\u00e9ral du Canada ;<\/li>\n<li>le Parti vert du Canada.<\/li>\n<\/ul>\n<p>Nous avons r\u00e9colt\u00e9 les diff\u00e9rentes plateformes \u00e9lectorales sur le site de<a href=\"https:\/\/www.poltext.org\/fr\/accueil\"> Poltext \u2013 Donn\u00e9es textuelles pour l\u2019analyse des politiques<\/a>.\u00a0Ce site, \u00e9labor\u00e9 par des chercheurs de l&rsquo;Universit\u00e9 Laval, pr\u00e9sente plusieurs textes portant sur la politique canadienne et internationale. Il nous a permis d&rsquo;obtenir les plateformes \u00e9lectorales des principaux partis politiques canadiens de 2006, 2008 et 2011, en fran\u00e7ais et en anglais.<\/p>\n<p>Pour la campagne actuelle, nous avons recours aux discours, aux plateformes et aux divers documents web des partis pour les comparer au corpus initial des plateformes \u00e9lectorales.<\/p>\n","protected":false},"excerpt":{"rendered":"<p>Pourquoi analyser le discours politique? Ce projet s&rsquo;inscrit dans\u00a0le domaine des humanit\u00e9s num\u00e9riques. Ce territoire de recherche contemporain est le fruit de plusieurs changements dans les pratiques de recherche en humanit\u00e9s et en sciences sociales qui cherchent \u00e0 mettre \u00e0 contribution les r\u00e9cents d\u00e9veloppements en informatique. La num\u00e9risation facilite l&rsquo;acc\u00e8s \u00e0 l&rsquo;information, mais elle augmente &hellip; <a href=\"http:\/\/dominicforest.me\/fed2015\/a-propos\/\" class=\"more-link\">Continuer la lecture<span class=\"screen-reader-text\"> de &laquo;&nbsp;\u00c0 propos&nbsp;&raquo;<\/span><\/a><\/p>\n","protected":false},"author":4,"featured_media":0,"parent":0,"menu_order":0,"comment_status":"closed","ping_status":"closed","template":"","meta":[],"_links":{"self":[{"href":"http:\/\/dominicforest.me\/fed2015\/wp-json\/wp\/v2\/pages\/47"}],"collection":[{"href":"http:\/\/dominicforest.me\/fed2015\/wp-json\/wp\/v2\/pages"}],"about":[{"href":"http:\/\/dominicforest.me\/fed2015\/wp-json\/wp\/v2\/types\/page"}],"author":[{"embeddable":true,"href":"http:\/\/dominicforest.me\/fed2015\/wp-json\/wp\/v2\/users\/4"}],"replies":[{"embeddable":true,"href":"http:\/\/dominicforest.me\/fed2015\/wp-json\/wp\/v2\/comments?post=47"}],"version-history":[{"count":9,"href":"http:\/\/dominicforest.me\/fed2015\/wp-json\/wp\/v2\/pages\/47\/revisions"}],"predecessor-version":[{"id":301,"href":"http:\/\/dominicforest.me\/fed2015\/wp-json\/wp\/v2\/pages\/47\/revisions\/301"}],"wp:attachment":[{"href":"http:\/\/dominicforest.me\/fed2015\/wp-json\/wp\/v2\/media?parent=47"}],"curies":[{"name":"wp","href":"https:\/\/api.w.org\/{rel}","templated":true}]}}