{"id":59,"date":"2015-09-08T20:14:55","date_gmt":"2015-09-08T20:14:55","guid":{"rendered":"http:\/\/dominicforest.me\/fed2015\/?page_id=59"},"modified":"2015-10-14T16:20:08","modified_gmt":"2015-10-14T20:20:08","slug":"liens-et-travaux-connexes","status":"publish","type":"page","link":"http:\/\/dominicforest.me\/fed2015\/liens-et-travaux-connexes\/","title":{"rendered":"Liens et travaux connexes"},"content":{"rendered":"<p><strong>Liens :<\/strong><\/p>\n<p><em>POLTEXT : Donn\u00e9es textuelles pour l\u2019analyse des politiques<\/em><br \/>\n<a href=\"https:\/\/www.poltext.org\/fr\/accueil\"> https:\/\/www.poltext.org\/fr\/accueil<\/a><\/p>\n<p><em>Chaire de recherche du Canada en \u00e9tudes \u00e9lectorales<\/em><br \/>\n<a href=\"http:\/\/www.chairelectoral.com\/\">http:\/\/www.chairelectoral.com\/<\/a><\/p>\n<p><em>\u00c9tudes \u00e9lectorales canadienne<\/em><br \/>\n<a href=\"http:\/\/ces-eec.arts.ubc.ca\/\">http:\/\/ces-eec.arts.ubc.ca\/<\/a><\/p>\n<p><em>Boussole \u00e9lectorale<\/em><br \/>\n<a href=\"http:\/\/www.boussoleelectorale.com\/\"> http:\/\/www.boussoleelectorale.com\/<\/a><\/p>\n<p><strong>Travaux connexes :<\/strong><\/p>\n<p>Calvet, L.-J. et V\u00e9ronis, J. (2008). <em>Les mots de Nicolas Sarkozy<\/em>. Paris : Le Seuil.<\/p>\n<p>Calvet, L.-J. et V\u00e9ronis, J. (2006). <em>Combat pour l&rsquo;Elys\u00e9e : Paroles de pr\u00e9tendants<\/em>. Paris : Le Seuil.<\/p>\n<p>Horton, R., Morrissey, R., Olsen, M., Roe, G. et Voyer, R. (2009). Mining Eighteenth Century Ontologies: Machine Learning and Knowledge Classification in the <em>Encyclop\u00e9die<\/em>. <i>DHQ: Digital Humanities Quarterly<\/i>, <em>3<\/em>(2). <a href=\"http:\/\/www.digitalhumanities.org\/dhq\/vol\/3\/2\/000044\/000044.html\">Consulter en ligne<\/a><\/p>\n<p>Labb\u00e9, D. et Moni\u00e8re, D. (2010). Quelle est la sp\u00e9cificit\u00e9 des discours \u00e9lectoraux? Le cas de Stephen Harper. <em>Canadian Journal of Political Science \/ Revue canadienne de science politique<\/em>, <em>43<\/em>(1), 69\u201186. doi:10.1017\/S0008423909990886<\/p>\n<p>Moni\u00e8re, D. et\u00a0Labb\u00e9, D. (2014). Un si\u00e8cle et demi de discours gouvernemental au Canada : contribution de la lexicom\u00e9trie \u00e0 l&rsquo;histoire politique. <em>Bulletin d&rsquo;histoire politique<\/em>, <em>23<\/em>(1), 251-263.<\/p>\n<p>Savoy, J. (2015). Text clustering: An application with the State of the Union addresses. <em>Journal of the Association for Information Science and Technology<\/em>, <em>66<\/em>(8), 1645\u20111654. doi:10.1002\/asi.23283<\/p>\n<p>Shiab, N. (2015). De quoi parlent (vraiment) les partis politiques.\u00a0<em>Journal M\u00e9tro<\/em>, <em>15<\/em>(156), 6. <a href=\"http:\/\/journalmetro.com\/actualites\/national\/856176\/de-quoi-parlent-vraiment-les-partis-politiques\/\">Consulter en ligne<\/a><\/p>\n","protected":false},"excerpt":{"rendered":"<p>Liens : POLTEXT : Donn\u00e9es textuelles pour l\u2019analyse des politiques https:\/\/www.poltext.org\/fr\/accueil Chaire de recherche du Canada en \u00e9tudes \u00e9lectorales http:\/\/www.chairelectoral.com\/ \u00c9tudes \u00e9lectorales canadienne http:\/\/ces-eec.arts.ubc.ca\/ Boussole \u00e9lectorale http:\/\/www.boussoleelectorale.com\/ Travaux connexes : Calvet, L.-J. et V\u00e9ronis, J. (2008). Les mots de Nicolas Sarkozy. Paris : Le Seuil. Calvet, L.-J. et V\u00e9ronis, J. (2006). Combat pour l&rsquo;Elys\u00e9e : &hellip; <a href=\"http:\/\/dominicforest.me\/fed2015\/liens-et-travaux-connexes\/\" class=\"more-link\">Continuer la lecture<span class=\"screen-reader-text\"> de &laquo;&nbsp;Liens et travaux connexes&nbsp;&raquo;<\/span><\/a><\/p>\n","protected":false},"author":4,"featured_media":0,"parent":0,"menu_order":0,"comment_status":"closed","ping_status":"closed","template":"","meta":[],"_links":{"self":[{"href":"http:\/\/dominicforest.me\/fed2015\/wp-json\/wp\/v2\/pages\/59"}],"collection":[{"href":"http:\/\/dominicforest.me\/fed2015\/wp-json\/wp\/v2\/pages"}],"about":[{"href":"http:\/\/dominicforest.me\/fed2015\/wp-json\/wp\/v2\/types\/page"}],"author":[{"embeddable":true,"href":"http:\/\/dominicforest.me\/fed2015\/wp-json\/wp\/v2\/users\/4"}],"replies":[{"embeddable":true,"href":"http:\/\/dominicforest.me\/fed2015\/wp-json\/wp\/v2\/comments?post=59"}],"version-history":[{"count":8,"href":"http:\/\/dominicforest.me\/fed2015\/wp-json\/wp\/v2\/pages\/59\/revisions"}],"predecessor-version":[{"id":304,"href":"http:\/\/dominicforest.me\/fed2015\/wp-json\/wp\/v2\/pages\/59\/revisions\/304"}],"wp:attachment":[{"href":"http:\/\/dominicforest.me\/fed2015\/wp-json\/wp\/v2\/media?parent=59"}],"curies":[{"name":"wp","href":"https:\/\/api.w.org\/{rel}","templated":true}]}}